{"id":14,"date":"2021-02-26T21:32:57","date_gmt":"2021-02-26T21:32:57","guid":{"rendered":"http:\/\/www.prosoton.cz\/?page_id=14"},"modified":"2021-03-16T19:55:16","modified_gmt":"2021-03-16T18:55:16","slug":"kontakt","status":"publish","type":"page","link":"https:\/\/www.prosoton.cz\/index.php\/kontakt\/","title":{"rendered":"Kontakt"},"content":{"rendered":"\n<p><strong>PROSOTON, s.r.o.<\/strong><br>K\u0159i\u017e\u00edkova 68<br>612 00 Brno<\/p>\n\n\n\n<p>I\u010c: 25593421<br>DI\u010c: CZ25593421<br>Spole\u010dnost je zapsan\u00e1  u Krajsk\u00e9ho soudu v Brn\u011b dne 15.3.2000, odd\u00edl C, vlo\u017eka 36776<\/p>\n\n\n\n<p><br>Email: <a href=\"mailto:info@prosoton.cz\" data-type=\"mailto\" data-id=\"mailto:info@prosoton.cz\">info(zav)prosoton.cz<\/a><br>Tel: +420 530 331 615<\/p>\n","protected":false},"excerpt":{"rendered":"<p>PROSOTON, s.r.o.K\u0159i\u017e\u00edkova 68612 00 Brno I\u010c: 25593421DI\u010c: CZ25593421Spole\u010dnost je zapsan\u00e1 u Krajsk\u00e9ho soudu v Brn\u011b dne 15.3.2000, odd\u00edl C, vlo\u017eka 36776 Email: info(zav)prosoton.czTel: +420 530 331 615<\/p>\n","protected":false},"author":1,"featured_media":0,"parent":0,"menu_order":0,"comment_status":"closed","ping_status":"closed","template":"","meta":[],"_links":{"self":[{"href":"https:\/\/www.prosoton.cz\/index.php\/wp-json\/wp\/v2\/pages\/14"}],"collection":[{"href":"https:\/\/www.prosoton.cz\/index.php\/wp-json\/wp\/v2\/pages"}],"about":[{"href":"https:\/\/www.prosoton.cz\/index.php\/wp-json\/wp\/v2\/types\/page"}],"author":[{"embeddable":true,"href":"https:\/\/www.prosoton.cz\/index.php\/wp-json\/wp\/v2\/users\/1"}],"replies":[{"embeddable":true,"href":"https:\/\/www.prosoton.cz\/index.php\/wp-json\/wp\/v2\/comments?post=14"}],"version-history":[{"count":7,"href":"https:\/\/www.prosoton.cz\/index.php\/wp-json\/wp\/v2\/pages\/14\/revisions"}],"predecessor-version":[{"id":142,"href":"https:\/\/www.prosoton.cz\/index.php\/wp-json\/wp\/v2\/pages\/14\/revisions\/142"}],"wp:attachment":[{"href":"https:\/\/www.prosoton.cz\/index.php\/wp-json\/wp\/v2\/media?parent=14"}],"curies":[{"name":"wp","href":"https:\/\/api.w.org\/{rel}","templated":true}]}}