{"id":44,"date":"2021-02-26T22:47:04","date_gmt":"2021-02-26T22:47:04","guid":{"rendered":"http:\/\/www.prosoton.cz\/?page_id=44"},"modified":"2021-02-27T15:22:34","modified_gmt":"2021-02-27T14:22:34","slug":"nase-reference","status":"publish","type":"page","link":"https:\/\/www.prosoton.cz\/index.php\/nase-reference\/","title":{"rendered":"Na\u0161e reference"},"content":{"rendered":"\n<figure class=\"wp-block-table is-style-stripes\"><table><tbody><tr><td>Moravsk\u00e9 divadlo Olomouc<\/td><td>Dod\u00e1vka komunika\u010dn\u00edho syst\u00e9mu<\/td><td>2019<\/td><\/tr><tr><td>Seznam.CZ<\/td><td>Dod\u00e1vka studiov\u00e9 zvukov\u00e9 techniky<\/td><td>2019<\/td><\/tr><tr><td>Kulturn\u00ed d\u016fm Jupiter<\/td><td>Dod\u00e1vka komunika\u010dn\u00edho syst\u00e9mu<\/td><td>2014<\/td><\/tr><tr><td>Kulturn\u00ed centrum Pr\u016fhon<\/td><td>Dod\u00e1vka syst\u00e9mu \u0159\u00edzen\u00ed opon<\/td><td>2014<\/td><\/tr><tr><td>Divadlo v Dlouh\u00e9 (Praha)<\/td><td>Dod\u00e1vka komunika\u010dn\u00edho syst\u00e9mu<\/td><td>2014<\/td><\/tr><tr><td>Divadlo na Orl\u00ed (Brno)<\/td><td>\u0158\u00edzen\u00ed pohon\u016f jevi\u0161tn\u00edch technologi\u00ed<\/td><td>2012<\/td><\/tr><tr><td>KR\u00c1LOVOPOLSK\u00c1 RIA, a.s.<\/td><td>Dod\u00e1vka rozvad\u011b\u010d\u016f pro ovl\u00e1d\u00e1n\u00ed chlad\u00edc\u00edch v\u011b\u017e\u00ed<\/td><td>2012<\/td><\/tr><tr><td>Divadlo Spejbla a Hurv\u00ednka<\/td><td>Komunika\u010dn\u00ed syst\u00e9m JJKS<\/td><td>2010<\/td><\/tr><tr><td>Jan\u00e1\u010dkovo divadlo (Brno)<\/td><td>\u0158\u00edzen\u00ed jevi\u0161tn\u00edch stol\u016f<\/td><td>2009<\/td><\/tr><tr><td>Studio Ypsilon (Praha)<\/td><td>\u0158\u00edzen\u00ed pohon\u016f tah\u016f a to\u010dny<\/td><td>2007<\/td><\/tr><tr><td>muzeum Mercedes-Benz (Stuttgart)<\/td><td>Zdvih velkoplo\u0161n\u00e9 LCD obrazovky<\/td><td>2006<\/td><\/tr><tr><td>Hudebn\u00ed divadlo Karl\u00edn (Praha)<\/td><td>\u0158\u00edzen\u00ed pohon\u016f jevi\u0161tn\u00ed technologie<\/td><td>2006<\/td><\/tr><tr><td>Arcidiec\u00e9zn\u00ed muzeum Olomouc<\/td><td>\u0158\u00edzen\u00ed multifunk\u010dn\u00edho s\u00e1lu<\/td><td>2006<\/td><\/tr><tr><td>Divadlo na Vinohradech (Praha)<\/td><td>\u0158\u00edzen\u00ed stol\u016f orchest\u0159i\u0161t\u011b<\/td><td>2006<\/td><\/tr><tr><td>Jan\u00e1\u010dkovo divadlo (Brno)<\/td><td>V\u00fdtah dekorac\u00ed &#8211; nav\u00e1\u017eec\u00ed stoly<\/td><td>2005<\/td><\/tr><tr><td>M\u011bstsk\u00e9 divadlo Brno -nov\u00e1 hudebn\u00ed sc\u00e9na<\/td><td>L\u00e9tac\u00ed stroj<\/td><td>2005<\/td><\/tr><tr><td>Divadlo na Vinohradech (Praha)<\/td><td>\u0158\u00edzen\u00ed spodn\u00ed sf\u00e9ry<\/td><td>2005<\/td><\/tr><tr><td>St\u00e1tn\u00ed opera Praha<\/td><td>\u0158\u00edzen\u00ed motorov\u00fdch tah\u016f horn\u00ed sf\u00e9ry<\/td><td>2005<\/td><\/tr><tr><td>Filharmonie Hradec Kr\u00e1lov\u00e9<\/td><td>Dod\u00e1vka osv\u011btlen\u00ed<\/td><td>2005<\/td><\/tr><tr><td>Divadlo na Vinohradech (Praha)<\/td><td>Dod\u00e1vka \u0159\u00edzen\u00ed pohon\u016f,osv\u011btlen\u00ed pro skl\u00e1danou to\u010dnu<\/td><td>2005<\/td><\/tr><tr><td>Mahenovo divadlo (Brno)<\/td><td>\u0158\u00edzen\u00ed nav\u00e1\u017eec\u00edho dekora\u010dn\u00edho stolu<\/td><td>2005<\/td><\/tr><tr><td>Gradior STEEL (Brno)<\/td><td>Dod\u00e1vka \u0159\u00edd\u00edc\u00edho syst\u00e9mu pro m\u011b\u0159en\u00ed pru\u017ein<\/td><td>2005<\/td><\/tr><tr><td>\u010cZU &#8211; oto\u010dn\u00fd buben (Praha)<\/td><td>\u0158\u00edzen\u00ed oto\u010dn\u00e9ho bubnu, posuvn\u00e9 p\u0159\u00ed\u010dky<\/td><td>2005<\/td><\/tr><tr><td>Divadlo Hodon\u00edn<\/td><td>Rekonstrukce osv\u011btlen\u00ed &#8211; dod\u00e1vka stm\u00edvac\u00edch komplet\u016f<\/td><td>2005<\/td><\/tr><tr><td>Igy (\u010cesk\u00e9 Bud\u011bjovice)<\/td><td>Dod\u00e1vka osv\u011btlen\u00ed,inspiciensk\u00e1 technologie, \u0159\u00edd\u00edc\u00ed syst\u00e9m jevi\u0161tn\u00ed technologie<\/td><td>2004\/05<\/td><\/tr><tr><td>Divadlo Reduta (Brno)<\/td><td>Dod\u00e1vka osv\u011btlen\u00ed, \u0159\u00edd\u00edc\u00edho syst\u00e9mu pohon\u016f jevi\u0161tn\u00ed technologie<\/td><td>2004\/05<\/td><\/tr><tr><td>Obec Her\u0161pice<\/td><td>Dod\u00e1vka ozvu\u010den\u00ed obce Her\u0161pice<\/td><td>2004<\/td><\/tr><tr><td>Loutkov\u00e9 divadlo (Z\u00e1h\u0159eb)<\/td><td>L\u00e9tac\u00ed stroj<\/td><td>2004<\/td><\/tr><tr><td>Loutkov\u00e9 divadlo (Z\u00e1h\u0159eb)<\/td><td>Dod\u00e1vka osv\u011btlen\u00ed,inspiciensk\u00e1 technologie, \u0159\u00edd\u00edc\u00ed syst\u00e9m jevi\u0161tn\u00ed technologie<\/td><td>2004<\/td><\/tr><tr><td>Divadlo Mil\u00e9nium (Praha)<\/td><td>Dod\u00e1vka \u0159\u00edd\u00edc\u00edho syst\u00e9mu jevi\u0161tn\u00ed technologie<\/td><td>2004<\/td><\/tr><tr><td>M\u011bstsk\u00e9 divadlo Brno -nov\u00e1 hudebn\u00ed sc\u00e9na<\/td><td>Dod\u00e1vka osv\u011btlen\u00ed, \u0159\u00edd\u00edc\u00edho syst\u00e9mu \u0159\u00edzen\u00ed pohon\u016f jevi\u0161tn\u00ed technologie, inspicientsk\u00e9ho komunika\u010dn\u00edho syst\u00e9mu<\/td><td>2004<\/td><\/tr><tr><td>Divadlo na Vinohradech (Praha)<\/td><td>\u0158\u00edzen\u00ed nav\u00e1\u017eec\u00edho dekora\u010dn\u00edho stolu<\/td><td>2004<\/td><\/tr><tr><td>Kyjev &#8211; kulturn\u00ed centrum<\/td><td>Dod\u00e1vka osv\u011btlen\u00ed, \u0159\u00edd\u00edc\u00edho syst\u00e9mu jevi\u0161tn\u00ed technologie<\/td><td>2004<\/td><\/tr><tr><td>Jan\u00e1\u010dkovo divadlo (Brno)<\/td><td>Rekonstrukce osv\u011btlen\u00ed &#8211; dod\u00e1vka stm\u00edvac\u00edch komplet\u016f , dod\u00e1vka \u0159\u00edd\u00edc\u00edho syst\u00e9mu 2.etapa<\/td><td>2004<\/td><\/tr><tr><td>Divadlo \u017dilina<\/td><td>Dod\u00e1vka \u0159\u00edzen\u00ed pro oponu<\/td><td>2003<\/td><\/tr><tr><td>Divadlo Jana Pal\u00e1rika (Trnava)<\/td><td>Dod\u00e1vka \u0159\u00edd\u00edc\u00edho syst\u00e9mu &#8211; horn\u00ed sf\u00e9ra<\/td><td>2003<\/td><\/tr><tr><td>Jan\u00e1\u010dkovo divadlo (Brno)<\/td><td>Dod\u00e1vka \u0159\u00edd\u00edc\u00edho syst\u00e9mu &#8211; horn\u00ed sf\u00e9ra<\/td><td>2003<\/td><\/tr><tr><td>V\u00fdchodo\u010desk\u00e9 divadlo Pardubice<\/td><td>Dod\u00e1vka \u0159\u00edzen\u00ed pro oponu<\/td><td>2003<\/td><\/tr><tr><td>Divadlo Jarom\u011b\u0159<\/td><td>Dod\u00e1vka 100V a inspiciensk\u00e9 technologie<\/td><td>2003<\/td><\/tr><tr><td>Jan\u00e1\u010dkovo divadlo (Brno)<\/td><td>Rekonstrukce osv\u011btlen\u00ed &#8211; dod\u00e1vka stm\u00edvac\u00edch komplet\u016f<\/td><td>2003<\/td><\/tr><tr><td>Divadlo D\u011b\u010d\u00edn<\/td><td>Dod\u00e1vka 100V a inspiciensk\u00e9 technologie<\/td><td>2003<\/td><\/tr><tr><td>Ochotnick\u00e9 divadlo \u0160lapanice<\/td><td>Dod\u00e1vky stm\u00edvac\u00edch komplet\u016f<\/td><td>2003<\/td><\/tr><tr><td>V\u00fdchodo\u010desk\u00e9 divadlo Pardubice<\/td><td>Dod\u00e1vka 100V a inspiciensk\u00e9 technologie<\/td><td>2002<\/td><\/tr><tr><td>M\u011bstsk\u00e9 divadlo Brno -\u010dinohern\u00ed sc\u00e9na<\/td><td>Dod\u00e1vka 100V a inspiciensk\u00e9 technologie<\/td><td>2002<\/td><\/tr><tr><td>Divadlo na Vinohradech (Praha)<\/td><td>Dod\u00e1vka \u0159\u00edd\u00edc\u00edho syst\u00e9mu pro bodov\u00e9 tahy<\/td><td>2002<\/td><\/tr><tr><td>N\u00e1rodn\u00ed divadlo (Praha)<\/td><td>Dod\u00e1vka \u0159\u00edzen\u00ed pohon\u016f,osv\u011btlen\u00ed pro skl\u00e1danou to\u010dnu<\/td><td>2002<\/td><\/tr><tr><td>T\u011blocvi\u010dna<\/td><td>Dod\u00e1vky stm\u00edvac\u00edch komplet\u016f<\/td><td>2002<\/td><\/tr><\/tbody><\/table><\/figure>\n","protected":false},"excerpt":{"rendered":"<p>Moravsk\u00e9 divadlo Olomouc Dod\u00e1vka komunika\u010dn\u00edho syst\u00e9mu 2019 Seznam.CZ Dod\u00e1vka studiov\u00e9 zvukov\u00e9 techniky 2019 Kulturn\u00ed d\u016fm Jupiter Dod\u00e1vka komunika\u010dn\u00edho syst\u00e9mu 2014 Kulturn\u00ed centrum Pr\u016fhon Dod\u00e1vka syst\u00e9mu \u0159\u00edzen\u00ed opon 2014 Divadlo v Dlouh\u00e9 (Praha) Dod\u00e1vka komunika\u010dn\u00edho syst\u00e9mu 2014 Divadlo na Orl\u00ed (Brno) \u0158\u00edzen\u00ed pohon\u016f jevi\u0161tn\u00edch technologi\u00ed 2012 KR\u00c1LOVOPOLSK\u00c1 RIA, a.s. Dod\u00e1vka rozvad\u011b\u010d\u016f pro ovl\u00e1d\u00e1n\u00ed chlad\u00edc\u00edch v\u011b\u017e\u00ed 2012&hellip; <br \/> <a class=\"read-more\" href=\"https:\/\/www.prosoton.cz\/index.php\/nase-reference\/\">V\u00edce<\/a><\/p>\n","protected":false},"author":1,"featured_media":0,"parent":0,"menu_order":0,"comment_status":"closed","ping_status":"closed","template":"","meta":[],"_links":{"self":[{"href":"https:\/\/www.prosoton.cz\/index.php\/wp-json\/wp\/v2\/pages\/44"}],"collection":[{"href":"https:\/\/www.prosoton.cz\/index.php\/wp-json\/wp\/v2\/pages"}],"about":[{"href":"https:\/\/www.prosoton.cz\/index.php\/wp-json\/wp\/v2\/types\/page"}],"author":[{"embeddable":true,"href":"https:\/\/www.prosoton.cz\/index.php\/wp-json\/wp\/v2\/users\/1"}],"replies":[{"embeddable":true,"href":"https:\/\/www.prosoton.cz\/index.php\/wp-json\/wp\/v2\/comments?post=44"}],"version-history":[{"count":8,"href":"https:\/\/www.prosoton.cz\/index.php\/wp-json\/wp\/v2\/pages\/44\/revisions"}],"predecessor-version":[{"id":119,"href":"https:\/\/www.prosoton.cz\/index.php\/wp-json\/wp\/v2\/pages\/44\/revisions\/119"}],"wp:attachment":[{"href":"https:\/\/www.prosoton.cz\/index.php\/wp-json\/wp\/v2\/media?parent=44"}],"curies":[{"name":"wp","href":"https:\/\/api.w.org\/{rel}","templated":true}]}}