{"id":56,"date":"2021-02-27T00:35:02","date_gmt":"2021-02-26T23:35:02","guid":{"rendered":"http:\/\/www.prosoton.cz\/?page_id=56"},"modified":"2021-02-27T22:53:18","modified_gmt":"2021-02-27T21:53:18","slug":"komunikacni-system","status":"publish","type":"page","link":"https:\/\/www.prosoton.cz\/index.php\/komunikacni-system\/","title":{"rendered":"Komunika\u010dn\u00ed syst\u00e9m (Interkom)"},"content":{"rendered":"\n<h1>Digit\u00e1ln\u00ed \u00fast\u0159edna JJKU<\/h1>\n\n\n\n<figure class=\"wp-block-image size-large is-style-default\"><img loading=\"lazy\" width=\"300\" height=\"99\" src=\"https:\/\/www.prosoton.cz\/wp-content\/uploads\/2021\/02\/ustredna.jpg\" alt=\"\" class=\"wp-image-57\"\/><\/figure>\n\n\n\n<h2>Popis<\/h2>\n\n\n\n<p>Digit\u00e1ln\u00ed \u00fast\u0159edna JJKU je z\u00e1kladn\u00ed stavebn\u00ed prvek hlasov\u00e9 komunikace mezi u\u017eivateli. V divadlech slou\u017e\u00ed p\u0159edev\u0161\u00edm k zaji\u0161t\u011bn\u00ed vz\u00e1jemn\u00e9ho propojen\u00ed komunika\u010dn\u00edch termin\u00e1l\u016f a 100V rozhlasu. Je zabudov\u00e1na do 19&#8243; kovov\u00e9 sk\u0159\u00edn\u011b o v\u00fd\u0161ce 2U. V p\u0159\u00edpad\u011b p\u0159ipojen\u00ed na rozhlas je dod\u00e1v\u00e1na jako sou\u010d\u00e1st rozvad\u011b\u010de 100V rozhlasu, kter\u00fd nav\u00edc obsahuje zesilovac\u00ed obvody, mikrofonn\u00ed distributory a dal\u0161\u00ed pomocn\u00e9 prvky.<\/p>\n\n\n\n<p>Princip komunikace zaji\u0161\u0165uj\u00ed t\u0159i z\u00e1kladn\u00ed moduly: komunika\u010dn\u00ed modul, modul hl\u00e1\u0161en\u00ed a modul gong\u016f.<\/p>\n\n\n\n<h2>Komunika\u010dn\u00ed modul<\/h2>\n\n\n\n<p>Zprost\u0159edkov\u00e1v\u00e1 jednosm\u011brnou komunikaci mezi termin\u00e1ly. P\u0159i vz\u00e1jemn\u00e9m hovoru dvou \u00fa\u010dastn\u00edk\u016f tedy jeden vys\u00edl\u00e1 a druh\u00fd p\u0159ij\u00edm\u00e1. Z\u00e1rove\u0148 v\u0161ak vys\u00edlaj\u00edc\u00ed m\u016f\u017ee p\u0159ij\u00edmat hovory od dal\u0161\u00ed osoby. Obecn\u011b tedy prob\u00edh\u00e1 jednosm\u011brn\u00e1 paraleln\u00ed komunikace. V z\u00e1kladn\u00edm proveden\u00ed je \u00fast\u0159edna schopna p\u0159ipojen\u00ed a\u017e 15-ti koncov\u00fdch termin\u00e1l\u016f.<\/p>\n\n\n\n<h2>Modul hl\u00e1\u0161en\u00ed<\/h2>\n\n\n\n<p>V klidov\u00e9m stavu tento modul zaji\u0161\u0165uje v\u011bt\u0161inou odposlech jevi\u0161t\u011b, kter\u00fd distribuuje do 100V rozhlasu*. V p\u0159\u00edpad\u011b, \u017ee p\u0159ijde po\u017eadavek z termin\u00e1lu, modul hl\u00e1\u0161en\u00ed odpoj\u00ed odposlech jevi\u0161t\u011b a do rozhlasu* vys\u00edl\u00e1 tento termin\u00e1l.<br>* jedn\u00e1 se o vys\u00edl\u00e1n\u00ed do z\u00e1kulisn\u00ed \u010d\u00e1sti<\/p>\n\n\n\n<h2>Modul gong\u016f<\/h2>\n\n\n\n<p>\u00dast\u0159edna obsahuje pam\u011b\u0165, do kter\u00e9 je mo\u017en\u00e9 ulo\u017eit vlastn\u00ed zvukov\u00fd z\u00e1znam gongu. Ten je pak vys\u00edl\u00e1n do ve\u0159ejn\u00e9 \u010d\u00e1sti 100V rozhlasu.<\/p>\n\n\n\n<p>Propojen\u00ed mezi termin\u00e1ly a \u00fast\u0159ednou zaji\u0161\u0165uje strukturovan\u00e1 kabel\u00e1\u017e STP, ukon\u010den\u00e1 standardn\u00edmi konektory RJ45.<\/p>\n\n\n\n<div class=\"wp-block-group\"><div class=\"wp-block-group__inner-container\">\n<div class=\"wp-block-columns\">\n<div class=\"wp-block-column\" style=\"flex-basis:100%\">\n<figure class=\"wp-block-table is-style-regular\"><table><tbody><tr><td><strong>Z\u00e1kladn\u00ed vlastnosti<\/strong><\/td><\/tr><tr><td><\/td><td><strong>JJKU<\/strong><\/td><\/tr><tr><td>Nap\u00e1jen\u00ed<\/td><td>230V \/ 50\/60 Hz<\/td><\/tr><tr><td>Po\u010det termin\u00e1l\u016f k p\u0159ipojen\u00ed<\/td><td>15 (konektory RJ45)<\/td><\/tr><tr><td>Po\u010det gong\u016f<\/td><td>1<\/td><\/tr><tr><td>Konektor Gong<\/td><td>Jack 6,3 (v\u00fdstup)<\/td><\/tr><tr><td>Konektor Odposlech<\/td><td>Jack 6,3 (vstup)<\/td><\/tr><tr><td>Konektor Odposlech\/Hl\u00e1\u0161en\u00ed<\/td><td>Jack 6,3 (v\u00fdstup)<\/td><\/tr><tr><td>Rozm\u011bry<\/td><td>482x88x390 mm<\/td><\/tr><tr><td>Hmotnost<\/td><td>6,3 kg<\/td><\/tr><\/tbody><\/table><\/figure>\n<\/div>\n<\/div>\n<\/div><\/div>\n\n\n\n<h1>JJKT a JJBP4<\/h1>\n\n\n\n<h2>Komunika\u010dn\u00ed termin\u00e1ly<\/h2>\n\n\n\n<p>Komunika\u010dn\u00ed termin\u00e1ly JJKT a JJBP4 pat\u0159\u00ed do skupiny koncov\u00fdch komunika\u010dn\u00edch za\u0159\u00edzen\u00ed. Zast\u00e1vaj\u00ed stejnou funkci, ale li\u0161\u00ed se p\u0159edev\u0161\u00edm zp\u016fsobem pou\u017eit\u00ed.<\/p>\n\n\n\n<h2>Komunika\u010dn\u00ed termin\u00e1l JJKT<\/h2>\n\n\n\n<div class=\"wp-block-image\"><figure class=\"alignleft size-large\"><img loading=\"lazy\" width=\"250\" height=\"296\" src=\"https:\/\/www.prosoton.cz\/wp-content\/uploads\/2021\/02\/komunBox.jpg\" alt=\"\" class=\"wp-image-66\"\/><\/figure><\/div>\n\n\n\n<p>JJKT, kter\u00fd je vestav\u011bn do mal\u00e9 kovov\u00e9 sk\u0159\u00ed\u0148ky, je ur\u010den k um\u00edst\u011bn\u00ed na stole. Je nap\u00e1jen z komunika\u010dn\u00ed \u00fast\u0159edny. Na p\u0159edn\u00ed, m\u00edrn\u011b zkosen\u00e9 \u010d\u00e1sti se nach\u00e1z\u00ed 16 propojovac\u00edch tla\u010d\u00edtek a reproduktor s ovlada\u010dem hlasitosti. V horn\u00ed \u010d\u00e1sti je pak um\u00edst\u011bn nastaviteln\u00fd mikrofon.<\/p>\n\n\n\n<p>Tla\u010d\u00edtka jsou opat\u0159ena vym\u011bniteln\u00fdmi \u0161t\u00edtky pro individu\u00e1ln\u00ed nastaven\u00ed konfigurace konkr\u00e9tn\u00edho termin\u00e1lu vzhledem k poloze v komunika\u010dn\u00ed s\u00edti. S ohledem na zapojen\u00ed do digit\u00e1ln\u00ed \u00fast\u0159edny JJKU je 14 tla\u010d\u00edtek ur\u010deno ke komunikaci s ostatn\u00edmi stanicemi, zbyl\u00e1 dv\u011b jsou vyhrazena pro spou\u0161t\u011bn\u00ed gongu a hl\u00e1\u0161en\u00ed do rozhlasu.<\/p>\n\n\n\n<p>Pro &#8222;tichou&#8220; komunikaci lze do JJKT tak\u00e9 p\u0159ipojit sluch\u00e1tka s mikrofonem a to do zd\u00ed\u0159ek um\u00edst\u011bn\u00fdch na zadn\u00edm panelu. Propojen\u00ed do s\u00edt\u011b zaji\u0161\u0165uje kabel ukon\u010den\u00fd konektorem RJ45. V p\u0159\u00edpad\u011b pot\u0159eby m\u016f\u017ee b\u00fdt JJKT p\u0159\u00edmo zabudov\u00e1n do v\u011bt\u0161\u00edch celk\u016f, jako jsou p\u0159ev\u00e1\u017en\u011b \u0159\u00edd\u00edc\u00ed \u010di inspicientsk\u00e9 pulty.<\/p>\n\n\n\n<h2>Komunika\u010dn\u00ed termin\u00e1l JJBP4<\/h2>\n\n\n\n<div class=\"wp-block-image\"><figure class=\"alignleft size-large is-resized\"><img loading=\"lazy\" src=\"https:\/\/www.prosoton.cz\/wp-content\/uploads\/2021\/02\/jjbp04-1024x683.png\" alt=\"\" class=\"wp-image-128\" width=\"339\" height=\"226\" srcset=\"https:\/\/www.prosoton.cz\/wp-content\/uploads\/2021\/02\/jjbp04-1024x683.png 1024w, https:\/\/www.prosoton.cz\/wp-content\/uploads\/2021\/02\/jjbp04-300x200.png 300w, https:\/\/www.prosoton.cz\/wp-content\/uploads\/2021\/02\/jjbp04-768x512.png 768w, https:\/\/www.prosoton.cz\/wp-content\/uploads\/2021\/02\/jjbp04-1536x1024.png 1536w, https:\/\/www.prosoton.cz\/wp-content\/uploads\/2021\/02\/jjbp04-2048x1365.png 2048w, https:\/\/www.prosoton.cz\/wp-content\/uploads\/2021\/02\/jjbp04-1620x1080.png 1620w\" sizes=\"(max-width: 339px) 100vw, 339px\" \/><\/figure><\/div>\n\n\n\n<p>JJBP4 je prim\u00e1rn\u011b ur\u010den k zav\u011b\u0161en\u00ed u pasu, je tedy vyroben z hlin\u00edku a opat\u0159en z\u00e1v\u011bsnou sponou. A\u010dkoliv se, stejn\u011b jako JJKT, p\u0159ipojuje do komunika\u010dn\u00ed s\u00edt\u011b kabelem, poskytuje d\u00edky zav\u011b\u0161en\u00ed a rozm\u011br\u016fm u\u017eivateli v\u011bt\u0161\u00ed volnost a mo\u017enost pohybu. Je vhodn\u00fd zejm\u00e9na na pomocn\u00e1 stanovi\u0161t\u011b, kde se p\u0159epokl\u00e1d\u00e1 pouze p\u0159\u00edjem komunikace nebo pro p\u0159\u00edpady, kdy obsluha pot\u0159ebuje m\u00edt voln\u00e9 ruce k jin\u00fdm \u010dinnostem (nap\u0159. obsluha sledovac\u00edho reflektoru). Hlasov\u00fd vstup a v\u00fdstup prob\u00edh\u00e1 prost\u0159ednictv\u00edm p\u0159ipojen\u00fdch sluch\u00e1tek s mikrofonem.<\/p>\n\n\n\n<figure class=\"wp-block-table\"><table><tbody><tr><td><strong>Z\u00e1kladn\u00ed vlastnosti<\/strong><\/td><\/tr><tr><td><\/td><td><strong>JJKT<\/strong><\/td><td><strong>JJBP4<\/strong><\/td><\/tr><tr><td>Po\u010det komunika\u010dn\u00edch kan\u00e1l\u016f<\/td><td>14<\/td><td>4<\/td><\/tr><tr><td>Gong<\/td><td>ano<\/td><td>ne<\/td><\/tr><tr><td>Hl\u00e1\u0161en\u00ed do rozhlasu<\/td><td>ano<\/td><td>ne<\/td><\/tr><tr><td>Propojovac\u00ed konektor<\/td><td>RJ45<\/td><td>RJ45<\/td><\/tr><tr><td>Konektor na sluch\u00e1tka<\/td><td>2 x jack 3,5<\/td><td>2x jack 3,5<\/td><\/tr><tr><td>Rozm\u011bry<\/td><td>217&#215;55 (+mikrofon) x220 mm<\/td><td>&nbsp;<\/td><\/tr><tr><td>Hmotnost<\/td><td>1,3 kg<\/td><td>&nbsp;<\/td><\/tr><\/tbody><\/table><\/figure>\n","protected":false},"excerpt":{"rendered":"<p>Digit\u00e1ln\u00ed \u00fast\u0159edna JJKU Popis Digit\u00e1ln\u00ed \u00fast\u0159edna JJKU je z\u00e1kladn\u00ed stavebn\u00ed prvek hlasov\u00e9 komunikace mezi u\u017eivateli. V divadlech slou\u017e\u00ed p\u0159edev\u0161\u00edm k zaji\u0161t\u011bn\u00ed vz\u00e1jemn\u00e9ho propojen\u00ed komunika\u010dn\u00edch termin\u00e1l\u016f a 100V rozhlasu. Je zabudov\u00e1na do 19&#8243; kovov\u00e9 sk\u0159\u00edn\u011b o v\u00fd\u0161ce 2U. V p\u0159\u00edpad\u011b p\u0159ipojen\u00ed na rozhlas je dod\u00e1v\u00e1na jako sou\u010d\u00e1st rozvad\u011b\u010de 100V rozhlasu, kter\u00fd nav\u00edc obsahuje zesilovac\u00ed obvody, mikrofonn\u00ed&hellip; <br \/> <a class=\"read-more\" href=\"https:\/\/www.prosoton.cz\/index.php\/komunikacni-system\/\">V\u00edce<\/a><\/p>\n","protected":false},"author":1,"featured_media":0,"parent":0,"menu_order":0,"comment_status":"closed","ping_status":"closed","template":"","meta":[],"_links":{"self":[{"href":"https:\/\/www.prosoton.cz\/index.php\/wp-json\/wp\/v2\/pages\/56"}],"collection":[{"href":"https:\/\/www.prosoton.cz\/index.php\/wp-json\/wp\/v2\/pages"}],"about":[{"href":"https:\/\/www.prosoton.cz\/index.php\/wp-json\/wp\/v2\/types\/page"}],"author":[{"embeddable":true,"href":"https:\/\/www.prosoton.cz\/index.php\/wp-json\/wp\/v2\/users\/1"}],"replies":[{"embeddable":true,"href":"https:\/\/www.prosoton.cz\/index.php\/wp-json\/wp\/v2\/comments?post=56"}],"version-history":[{"count":9,"href":"https:\/\/www.prosoton.cz\/index.php\/wp-json\/wp\/v2\/pages\/56\/revisions"}],"predecessor-version":[{"id":136,"href":"https:\/\/www.prosoton.cz\/index.php\/wp-json\/wp\/v2\/pages\/56\/revisions\/136"}],"wp:attachment":[{"href":"https:\/\/www.prosoton.cz\/index.php\/wp-json\/wp\/v2\/media?parent=56"}],"curies":[{"name":"wp","href":"https:\/\/api.w.org\/{rel}","templated":true}]}}